{"id":8535,"date":"2024-10-08T18:15:37","date_gmt":"2024-10-08T18:15:37","guid":{"rendered":"https:\/\/fundacioninstitutospanama.com\/?page_id=8535"},"modified":"2024-10-10T21:16:00","modified_gmt":"2024-10-10T21:16:00","slug":"matricula-claustro-gomez","status":"publish","type":"page","link":"https:\/\/fundacioninstitutospanama.com\/?page_id=8535","title":{"rendered":"Matr\u00edcula Claustro G\u00f3mez"},"content":{"rendered":"\t\t<div data-elementor-type=\"wp-page\" data-elementor-id=\"8535\" class=\"elementor elementor-8535\">\n\t\t\t\t\t\t<section class=\"elementor-section elementor-top-section elementor-element elementor-element-778c7fd elementor-section-boxed elementor-section-height-default elementor-section-height-default\" data-id=\"778c7fd\" data-element_type=\"section\" data-e-type=\"section\">\n\t\t\t\t\t\t<div class=\"elementor-container elementor-column-gap-default\">\n\t\t\t\t\t<div class=\"elementor-column elementor-col-100 elementor-top-column elementor-element elementor-element-1ea19d9\" data-id=\"1ea19d9\" data-element_type=\"column\" data-e-type=\"column\">\n\t\t\t<div class=\"elementor-widget-wrap elementor-element-populated\">\n\t\t\t\t\t\t<div class=\"elementor-element elementor-element-5f3f745 elementor-widget elementor-widget-image\" data-id=\"5f3f745\" data-element_type=\"widget\" data-e-type=\"widget\" data-widget_type=\"image.default\">\n\t\t\t\t<div class=\"elementor-widget-container\">\n\t\t\t\t\t\t\t\t\t\t\t\t\t\t\t<img decoding=\"async\" src=\"https:\/\/fundacioninstitutospanama.com\/wp-content\/uploads\/elementor\/thumbs\/Claustro-qvdd5nnievfvtldd5vzqezcfomimqqw33hl8tegjrg.png\" title=\"Claustro\" alt=\"Claustro\" loading=\"lazy\" \/>\t\t\t\t\t\t\t\t\t\t\t\t\t\t\t<\/div>\n\t\t\t\t<\/div>\n\t\t\t\t\t<\/div>\n\t\t<\/div>\n\t\t\t\t\t<\/div>\n\t\t<\/section>\n\t\t\t\t<section class=\"elementor-section elementor-top-section elementor-element elementor-element-32e7de7 elementor-section-boxed elementor-section-height-default elementor-section-height-default\" data-id=\"32e7de7\" data-element_type=\"section\" data-e-type=\"section\">\n\t\t\t\t\t\t<div class=\"elementor-container elementor-column-gap-default\">\n\t\t\t\t\t<div class=\"elementor-column elementor-col-100 elementor-top-column elementor-element elementor-element-9096de6\" data-id=\"9096de6\" data-element_type=\"column\" data-e-type=\"column\">\n\t\t\t<div class=\"elementor-widget-wrap elementor-element-populated\">\n\t\t\t\t\t\t<div class=\"elementor-element elementor-element-052e2c2 elementor-widget elementor-widget-wpforms\" data-id=\"052e2c2\" data-element_type=\"widget\" data-e-type=\"widget\" data-widget_type=\"wpforms.default\">\n\t\t\t\t<div class=\"elementor-widget-container\">\n\t\t\t\t\t<style id=\"wpforms-css-vars-root\">\n\t\t\t\t:root {\n\t\t\t\t\t--wpforms-field-border-radius: 3px;\n--wpforms-field-background-color: #ffffff;\n--wpforms-field-border-color: rgba( 0, 0, 0, 0.25 );\n--wpforms-field-text-color: rgba( 0, 0, 0, 0.7 );\n--wpforms-label-color: rgba( 0, 0, 0, 0.85 );\n--wpforms-label-sublabel-color: rgba( 0, 0, 0, 0.55 );\n--wpforms-label-error-color: #d63637;\n--wpforms-button-border-radius: 3px;\n--wpforms-button-background-color: #066aab;\n--wpforms-button-text-color: #ffffff;\n--wpforms-field-size-input-height: 43px;\n--wpforms-field-size-input-spacing: 15px;\n--wpforms-field-size-font-size: 16px;\n--wpforms-field-size-line-height: 19px;\n--wpforms-field-size-padding-h: 14px;\n--wpforms-field-size-checkbox-size: 16px;\n--wpforms-field-size-sublabel-spacing: 5px;\n--wpforms-field-size-icon-size: 1;\n--wpforms-label-size-font-size: 16px;\n--wpforms-label-size-line-height: 19px;\n--wpforms-label-size-sublabel-font-size: 14px;\n--wpforms-label-size-sublabel-line-height: 17px;\n--wpforms-button-size-font-size: 17px;\n--wpforms-button-size-height: 41px;\n--wpforms-button-size-padding-h: 15px;\n--wpforms-button-size-margin-top: 10px;\n\n\t\t\t\t}\n\t\t\t<\/style><style id=\"wpforms-css-vars-elementor-widget-052e2c2\">\n\t\t\t\t.elementor-widget-wpforms.elementor-element-052e2c2 {\n\t\t\t\t\t--wpforms-field-size-input-height: 43px;\n--wpforms-field-size-input-spacing: 15px;\n--wpforms-field-size-font-size: 16px;\n--wpforms-field-size-line-height: 19px;\n--wpforms-field-size-padding-h: 14px;\n--wpforms-field-size-checkbox-size: 16px;\n--wpforms-field-size-sublabel-spacing: 5px;\n--wpforms-field-size-icon-size: 1;\n--wpforms-label-size-font-size: 16px;\n--wpforms-label-size-line-height: 19px;\n--wpforms-label-size-sublabel-font-size: 14px;\n--wpforms-label-size-sublabel-line-height: 17px;\n--wpforms-button-size-font-size: 17px;\n--wpforms-button-size-height: 41px;\n--wpforms-button-size-padding-h: 15px;\n--wpforms-button-size-margin-top: 10px;\n\n\t\t\t\t}\n\t\t\t<\/style><div class=\"wpforms-container wpforms-container-full wpforms-render-modern\" id=\"wpforms-8541\"><form id=\"wpforms-form-8541\" class=\"wpforms-validate wpforms-form wpforms-ajax-form\" data-formid=\"8541\" method=\"post\" enctype=\"multipart\/form-data\" action=\"\/index.php?rest_route=%2Fwp%2Fv2%2Fpages%2F8535&#038;wpforms_form_id=8541\" data-token=\"f5b9f4bafdd4c8914019426537094384\"><noscript class=\"wpforms-error-noscript\">Por favor, activa JavaScript en tu navegador para completar este formulario.<\/noscript><div class=\"wpforms-hidden\" id=\"wpforms-error-noscript\">Por favor, activa JavaScript en tu navegador para completar este formulario.<\/div><div class=\"wpforms-field-container\"><div id=\"wpforms-8541-field_0-container\" class=\"wpforms-field wpforms-field-name\" data-field-id=\"0\"><label class=\"wpforms-field-label\" for=\"wpforms-8541-field_0\">Nombre: ( Escriba su nombre exactamente igual a su cedula) <span class=\"wpforms-required-label\" aria-hidden=\"true\">*<\/span><\/label><input type=\"text\" id=\"wpforms-8541-field_0\" class=\"wpforms-field-medium wpforms-field-required\" name=\"wpforms[fields][0]\" aria-errormessage=\"wpforms-8541-field_0-error\" required><\/div><div id=\"wpforms-8541-field_10-container\" class=\"wpforms-field wpforms-field-layout\" data-field-id=\"10\"><label class=\"wpforms-field-label wpforms-label-hide\" for=\"wpforms-8541-field_10\" aria-hidden=\"false\">Layout<\/label><div class=\"wpforms-field-layout-columns wpforms-field-layout-preset-50-50\"><div class=\"wpforms-layout-column wpforms-layout-column-50\"><div id=\"wpforms-8541-field_57-container\" class=\"wpforms-field wpforms-field-text\" data-field-id=\"57\"><label class=\"wpforms-field-label\" for=\"wpforms-8541-field_57\">C\u00e9dula <span class=\"wpforms-required-label\" aria-hidden=\"true\">*<\/span><\/label><input type=\"text\" id=\"wpforms-8541-field_57\" class=\"wpforms-field-medium wpforms-field-required\" name=\"wpforms[fields][57]\" aria-errormessage=\"wpforms-8541-field_57-error\" required><\/div><div id=\"wpforms-8541-field_75-container\" class=\"wpforms-field wpforms-field-text\" data-field-id=\"75\"><label class=\"wpforms-field-label\" for=\"wpforms-8541-field_75\">Edad <span class=\"wpforms-required-label\" aria-hidden=\"true\">*<\/span><\/label><input type=\"text\" id=\"wpforms-8541-field_75\" class=\"wpforms-field-medium wpforms-field-required\" name=\"wpforms[fields][75]\" aria-errormessage=\"wpforms-8541-field_75-error\" required><\/div><div id=\"wpforms-8541-field_1-container\" class=\"wpforms-field wpforms-field-email\" data-field-id=\"1\"><label class=\"wpforms-field-label\" for=\"wpforms-8541-field_1\">Email <span class=\"wpforms-required-label\" aria-hidden=\"true\">*<\/span><\/label><input type=\"email\" id=\"wpforms-8541-field_1\" class=\"wpforms-field-medium wpforms-field-required\" name=\"wpforms[fields][1]\" spellcheck=\"false\" aria-errormessage=\"wpforms-8541-field_1-error\" required><\/div><div id=\"wpforms-8541-field_73-container\" class=\"wpforms-field wpforms-field-select wpforms-field-select-style-classic\" data-field-id=\"73\"><label class=\"wpforms-field-label\" for=\"wpforms-8541-field_73\">Sede <span class=\"wpforms-required-label\" aria-hidden=\"true\">*<\/span><\/label><select id=\"wpforms-8541-field_73\" class=\"wpforms-field-medium wpforms-field-required\" name=\"wpforms[fields][73]\" required=\"required\"><option value=\"Chiriqu\u00ed\" >Chiriqu\u00ed<\/option><\/select><\/div><div id=\"wpforms-8541-field_60-container\" class=\"wpforms-field wpforms-field-select wpforms-field-select-style-classic\" data-field-id=\"60\"><label class=\"wpforms-field-label\" for=\"wpforms-8541-field_60\">Carrera en la que se est\u00e1 matriculando <span class=\"wpforms-required-label\" aria-hidden=\"true\">*<\/span><\/label><select id=\"wpforms-8541-field_60\" class=\"wpforms-field-medium wpforms-field-required\" name=\"wpforms[fields][60]\" required=\"required\"><option value=\"T\u00e9cnico Superior en Programaci\u00f3n Inform\u00e1tica\" >T\u00e9cnico Superior en Programaci\u00f3n Inform\u00e1tica<\/option><option value=\"T\u00e9cnico Superior en Gesti\u00f3n de la Log\u00edstica Integral\" >T\u00e9cnico Superior en Gesti\u00f3n de la Log\u00edstica Integral<\/option><\/select><\/div><div id=\"wpforms-8541-field_62-container\" class=\"wpforms-field wpforms-field-select wpforms-field-select-style-classic\" data-field-id=\"62\"><label class=\"wpforms-field-label\" for=\"wpforms-8541-field_62\">Lugar donde Efect\u00fao su Pago <span class=\"wpforms-required-label\" aria-hidden=\"true\">*<\/span><\/label><select id=\"wpforms-8541-field_62\" class=\"wpforms-field-medium wpforms-field-required\" name=\"wpforms[fields][62]\" required=\"required\"><option value=\"Caja Virtual Fundaci\u00f3n Institutos Panam\u00e1\"  selected='selected'>Caja Virtual Fundaci\u00f3n Institutos Panam\u00e1<\/option><option value=\"Banco General\" >Banco General<\/option><option value=\"Bac\" >Bac<\/option><option value=\"Caja de Ahorro\" >Caja de Ahorro<\/option><option value=\"Banco Delta\" >Banco Delta<\/option><option value=\"Sede de David, Chiriqu\u00ed\" >Sede de David, Chiriqu\u00ed<\/option><option value=\"Sede de Boquete, Chiriqu\u00ed\" >Sede de Boquete, Chiriqu\u00ed<\/option><option value=\"Sede de Veraguas\" >Sede de Veraguas<\/option><option value=\"Sede de Panam\u00e1 Oeste\" >Sede de Panam\u00e1 Oeste<\/option><option value=\"Yappy\" >Yappy<\/option><\/select><\/div><div id=\"wpforms-8541-field_61-container\" class=\"wpforms-field wpforms-field-text\" data-field-id=\"61\"><label class=\"wpforms-field-label\" for=\"wpforms-8541-field_61\">N\u00famero de Recibo de Oficina o Transacci\u00f3n Bancaria<\/label><input type=\"text\" id=\"wpforms-8541-field_61\" class=\"wpforms-field-medium\" name=\"wpforms[fields][61]\" aria-errormessage=\"wpforms-8541-field_61-error\" ><\/div><div id=\"wpforms-8541-field_72-container\" class=\"wpforms-field wpforms-field-text\" data-field-id=\"72\"><label class=\"wpforms-field-label\" for=\"wpforms-8541-field_72\">Monto del Pago ( No puede ser menor que el monto de Matr\u00edcula, Mensualidad o Valor de la Materia Asignado)<\/label><input type=\"text\" id=\"wpforms-8541-field_72\" class=\"wpforms-field-medium\" name=\"wpforms[fields][72]\" aria-errormessage=\"wpforms-8541-field_72-error\" ><\/div><\/div><div class=\"wpforms-layout-column wpforms-layout-column-50\"><div id=\"wpforms-8541-field_3-container\" class=\"wpforms-field wpforms-field-phone\" data-field-id=\"3\"><label class=\"wpforms-field-label\" for=\"wpforms-8541-field_3\">Celular <span class=\"wpforms-required-label\" aria-hidden=\"true\">*<\/span><\/label><input type=\"tel\" id=\"wpforms-8541-field_3\" class=\"wpforms-field-medium wpforms-field-required wpforms-smart-phone-field\" data-rule-smart-phone-field=\"true\" name=\"wpforms[fields][3]\" aria-errormessage=\"wpforms-8541-field_3-error\" required><\/div><div id=\"wpforms-8541-field_76-container\" class=\"wpforms-field wpforms-field-text\" data-field-id=\"76\"><label class=\"wpforms-field-label\" for=\"wpforms-8541-field_76\">Indique su t\u00edtulo de Bachillerato <span class=\"wpforms-required-label\" aria-hidden=\"true\">*<\/span><\/label><input type=\"text\" id=\"wpforms-8541-field_76\" class=\"wpforms-field-medium wpforms-field-required\" name=\"wpforms[fields][76]\" aria-errormessage=\"wpforms-8541-field_76-error\" required><\/div><div id=\"wpforms-8541-field_59-container\" class=\"wpforms-field wpforms-field-address\" data-field-id=\"59\"><fieldset><legend class=\"wpforms-field-label\">Direcci\u00f3n <span class=\"wpforms-required-label\" aria-hidden=\"true\">*<\/span><\/legend><div class=\"wpforms-field-row wpforms-field-medium\"><div ><input type=\"text\" id=\"wpforms-8541-field_59\" class=\"wpforms-field-address-address1 wpforms-field-required\" name=\"wpforms[fields][59][address1]\" placeholder=\"Direcci\u00f3n L\u00ednea 1\" aria-errormessage=\"wpforms-8541-field_59-error\" required><label for=\"wpforms-8541-field_59\" class=\"wpforms-field-sublabel after \">Direcci\u00f3n (l\u00ednea 1)<\/label><\/div><\/div><div class=\"wpforms-field-row wpforms-field-medium\"><div ><input type=\"text\" id=\"wpforms-8541-field_59-address2\" class=\"wpforms-field-address-address2\" name=\"wpforms[fields][59][address2]\" placeholder=\"Direcci\u00f3n L\u00ednea 2\" aria-errormessage=\"wpforms-8541-field_59-address2-error\" ><label for=\"wpforms-8541-field_59-address2\" class=\"wpforms-field-sublabel after \">Direcci\u00f3n 2<\/label><\/div><\/div><div class=\"wpforms-field-row wpforms-field-medium\"><div class=\"wpforms-field-row-block wpforms-one-half wpforms-first\"><input type=\"text\" id=\"wpforms-8541-field_59-city\" class=\"wpforms-field-address-city wpforms-field-required\" name=\"wpforms[fields][59][city]\" placeholder=\"Ciudad\" aria-errormessage=\"wpforms-8541-field_59-city-error\" required><label for=\"wpforms-8541-field_59-city\" class=\"wpforms-field-sublabel after \">Ciudad<\/label><\/div><div class=\"wpforms-field-row-block wpforms-one-half\"><input type=\"text\" id=\"wpforms-8541-field_59-state\" class=\"wpforms-field-address-state wpforms-field-required\" name=\"wpforms[fields][59][state]\" placeholder=\"Provincia\" aria-errormessage=\"wpforms-8541-field_59-state-error\" required><label for=\"wpforms-8541-field_59-state\" class=\"wpforms-field-sublabel after \">Estado \/ Provincia \/ Regi\u00f3n<\/label><\/div><\/div><\/fieldset><\/div><div id=\"wpforms-8541-field_64-container\" class=\"wpforms-field wpforms-field-select wpforms-field-select-style-classic\" data-field-id=\"64\"><label class=\"wpforms-field-label\" for=\"wpforms-8541-field_64\">Cuatrimestre o Trimestre en que se est\u00e1 Matriculando<\/label><select id=\"wpforms-8541-field_64\" class=\"wpforms-field-medium\" name=\"wpforms[fields][64]\"><option value=\"Enero\" >Enero<\/option><option value=\"Mayo\" >Mayo<\/option><option value=\"Septiembre\" >Septiembre<\/option><\/select><\/div><div id=\"wpforms-8541-field_65-container\" class=\"wpforms-field wpforms-field-select wpforms-field-select-style-classic\" data-field-id=\"65\"><label class=\"wpforms-field-label\" for=\"wpforms-8541-field_65\">A\u00f1o que esta Matriculando <span class=\"wpforms-required-label\" aria-hidden=\"true\">*<\/span><\/label><select id=\"wpforms-8541-field_65\" class=\"wpforms-field-medium wpforms-field-required\" name=\"wpforms[fields][65]\" required=\"required\"><option value=\"2024\" >2024<\/option><option value=\"2025\" >2025<\/option><option value=\"2026\" >2026<\/option><\/select><\/div><div id=\"wpforms-8541-field_71-container\" class=\"wpforms-field wpforms-field-select wpforms-field-select-style-classic\" data-field-id=\"71\"><label class=\"wpforms-field-label\" for=\"wpforms-8541-field_71\">Que tipo de Se\u00f1al de Internet Tiene<\/label><select id=\"wpforms-8541-field_71\" class=\"wpforms-field-medium\" name=\"wpforms[fields][71]\"><option value=\"Post Pago\" >Post Pago<\/option><option value=\"Pre Pago\" >Pre Pago<\/option><option value=\"Residencial\" >Residencial<\/option><\/select><\/div><div id=\"wpforms-8541-field_74-container\" class=\"wpforms-field wpforms-field-select wpforms-field-select-style-classic\" data-field-id=\"74\"><label class=\"wpforms-field-label\" for=\"wpforms-8541-field_74\">Modalidad<\/label><select id=\"wpforms-8541-field_74\" class=\"wpforms-field-medium\" name=\"wpforms[fields][74]\"><option value=\"Virtual\" >Virtual<\/option><\/select><\/div><\/div><\/div><\/div><div id=\"wpforms-8541-field_8-container\" class=\"wpforms-field wpforms-field-file-upload\" data-field-id=\"8\"><label class=\"wpforms-field-label\" for=\"wpforms-8541-field_8\">Envie la Im\u00e1gen del Slip de Pago o Transacci\u00f3n Realizada y la imagen de su C\u00e9dula <span class=\"wpforms-required-label\" aria-hidden=\"true\">*<\/span><\/label><input type=\"file\" id=\"wpforms-8541-field_8\" class=\"wpforms-field-required\" data-rule-extension=\"jpg,jpeg,jpe,gif,png,bmp,tiff,tif,webp,avif,ico,heic,heif,heics,heifs,asf,asx,wmv,wmx,wm,avi,divx,mov,qt,mpeg,mpg,mpe,mp4,m4v,ogv,webm,mkv,3gp,3gpp,3g2,3gp2,txt,asc,c,cc,h,srt,csv,tsv,ics,rtx,css,vtt,mp3,m4a,m4b,aac,ra,ram,wav,x-wav,ogg,oga,flac,mid,midi,wma,wax,mka,rtf,pdf,class,tar,zip,gz,gzip,rar,7z,psd,xcf,doc,pot,pps,ppt,wri,xla,xls,xlt,xlw,mpp,docx,docm,dotx,dotm,xlsx,xlsm,xlsb,xltx,xltm,xlam,pptx,pptm,ppsx,ppsm,potx,potm,ppam,sldx,sldm,onetoc,onetoc2,onepkg,oxps,xps,odt,odp,ods,odg,odc,odb,odf,wp,wpd,key,numbers,pages,redux\" data-rule-maxsize=\"2097152\" name=\"wpforms_8541_8\" accept=\".jpg,.jpeg,.jpe,.gif,.png,.bmp,.tiff,.tif,.webp,.avif,.ico,.heic,.heif,.heics,.heifs,.asf,.asx,.wmv,.wmx,.wm,.avi,.divx,.mov,.qt,.mpeg,.mpg,.mpe,.mp4,.m4v,.ogv,.webm,.mkv,.3gp,.3gpp,.3g2,.3gp2,.txt,.asc,.c,.cc,.h,.srt,.csv,.tsv,.ics,.rtx,.css,.vtt,.mp3,.m4a,.m4b,.aac,.ra,.ram,.wav,.x-wav,.ogg,.oga,.flac,.mid,.midi,.wma,.wax,.mka,.rtf,.pdf,.class,.tar,.zip,.gz,.gzip,.rar,.7z,.psd,.xcf,.doc,.pot,.pps,.ppt,.wri,.xla,.xls,.xlt,.xlw,.mpp,.docx,.docm,.dotx,.dotm,.xlsx,.xlsm,.xlsb,.xltx,.xltm,.xlam,.pptx,.pptm,.ppsx,.ppsm,.potx,.potm,.ppam,.sldx,.sldm,.onetoc,.onetoc2,.onepkg,.oxps,.xps,.odt,.odp,.ods,.odg,.odc,.odb,.odf,.wp,.wpd,.key,.numbers,.pages,.redux\" aria-errormessage=\"wpforms-8541-field_8-error\" required><\/div><div id=\"wpforms-8541-field_67-container\" class=\"wpforms-field wpforms-field-content\" data-field-id=\"67\"><div id=\"wpforms-8541-field_67\" class=\"wpforms-field-large wpforms-field-row\" name=\"wpforms[fields][67]\" aria-errormessage=\"wpforms-8541-field_67-error\"><div class=\"wpforms-field-content-display-frontend-clear\"><\/div><\/div><\/div><\/div><!-- .wpforms-field-container --><div class=\"wpforms-submit-container\" ><input type=\"hidden\" name=\"wpforms[id]\" value=\"8541\"><input type=\"hidden\" name=\"wpforms[author]\" value=\"2\"><button type=\"submit\" name=\"wpforms[submit]\" id=\"wpforms-submit-8541\" class=\"wpforms-submit\" data-alt-text=\"Enviando ...\" data-submit-text=\"Enviar -  Al enviar mi informaci\u00f3n, Acepto los T\u00e9rminos y Condiciones del Contrato\" aria-live=\"assertive\" value=\"wpforms-submit\">Enviar -  Al enviar mi informaci\u00f3n, Acepto los T\u00e9rminos y Condiciones del Contrato<\/button><img decoding=\"async\" src=\"https:\/\/fundacioninstitutospanama.com\/wp-content\/plugins\/wpforms\/assets\/images\/submit-spin.svg\" class=\"wpforms-submit-spinner\" style=\"display: none;\" width=\"26\" height=\"26\" alt=\"Cargando\"><\/div><\/form><\/div>  <!-- .wpforms-container -->\t\t\t\t<\/div>\n\t\t\t\t<\/div>\n\t\t\t\t\t<\/div>\n\t\t<\/div>\n\t\t\t\t\t<\/div>\n\t\t<\/section>\n\t\t\t\t<\/div>\n\t\t","protected":false},"excerpt":{"rendered":"<p>Por favor, activa JavaScript en tu navegador para completar este formulario.Por favor, activa JavaScript en tu navegador para completar este formulario.Nombre: ( Escriba su nombre exactamente igual a su cedula) *LayoutC\u00e9dula *Email *Sede *Chiriqu\u00edCarrera en la que se est\u00e1 matriculando *T\u00e9cnico Superior en Programaci\u00f3n Inform\u00e1ticaT\u00e9cnico Superior en Gesti\u00f3n de la Log\u00edstica IntegralLugar donde Efect\u00fao su [&hellip;]<\/p>\n","protected":false},"author":2,"featured_media":0,"parent":0,"menu_order":0,"comment_status":"closed","ping_status":"closed","template":"","meta":{"_joinchat":[],"footnotes":""},"class_list":["post-8535","page","type-page","status-publish","hentry"],"aioseo_notices":[],"_links":{"self":[{"href":"https:\/\/fundacioninstitutospanama.com\/index.php?rest_route=\/wp\/v2\/pages\/8535","targetHints":{"allow":["GET"]}}],"collection":[{"href":"https:\/\/fundacioninstitutospanama.com\/index.php?rest_route=\/wp\/v2\/pages"}],"about":[{"href":"https:\/\/fundacioninstitutospanama.com\/index.php?rest_route=\/wp\/v2\/types\/page"}],"author":[{"embeddable":true,"href":"https:\/\/fundacioninstitutospanama.com\/index.php?rest_route=\/wp\/v2\/users\/2"}],"replies":[{"embeddable":true,"href":"https:\/\/fundacioninstitutospanama.com\/index.php?rest_route=%2Fwp%2Fv2%2Fcomments&post=8535"}],"version-history":[{"count":12,"href":"https:\/\/fundacioninstitutospanama.com\/index.php?rest_route=\/wp\/v2\/pages\/8535\/revisions"}],"predecessor-version":[{"id":8768,"href":"https:\/\/fundacioninstitutospanama.com\/index.php?rest_route=\/wp\/v2\/pages\/8535\/revisions\/8768"}],"wp:attachment":[{"href":"https:\/\/fundacioninstitutospanama.com\/index.php?rest_route=%2Fwp%2Fv2%2Fmedia&parent=8535"}],"curies":[{"name":"wp","href":"https:\/\/api.w.org\/{rel}","templated":true}]}}