{"id":7562,"date":"2023-09-11T13:18:49","date_gmt":"2023-09-11T13:18:49","guid":{"rendered":"https:\/\/fundacioninstitutospanama.com\/?page_id=7562"},"modified":"2023-09-14T15:43:42","modified_gmt":"2023-09-14T15:43:42","slug":"elementor-7562","status":"publish","type":"page","link":"https:\/\/fundacioninstitutospanama.com\/?page_id=7562","title":{"rendered":"Caja Virtual"},"content":{"rendered":"\t\t<div data-elementor-type=\"wp-page\" data-elementor-id=\"7562\" class=\"elementor elementor-7562\">\n\t\t\t\t\t\t<section class=\"elementor-section elementor-top-section elementor-element elementor-element-6cfe330 elementor-section-boxed elementor-section-height-default elementor-section-height-default\" data-id=\"6cfe330\" data-element_type=\"section\" data-e-type=\"section\">\n\t\t\t\t\t\t<div class=\"elementor-container elementor-column-gap-default\">\n\t\t\t\t\t<div class=\"elementor-column elementor-col-100 elementor-top-column elementor-element elementor-element-c8bd5f7\" data-id=\"c8bd5f7\" data-element_type=\"column\" data-e-type=\"column\">\n\t\t\t<div class=\"elementor-widget-wrap elementor-element-populated\">\n\t\t\t\t\t\t<div class=\"elementor-element elementor-element-c9e081c elementor-widget elementor-widget-wpforms\" data-id=\"c9e081c\" data-element_type=\"widget\" data-e-type=\"widget\" data-widget_type=\"wpforms.default\">\n\t\t\t\t<div class=\"elementor-widget-container\">\n\t\t\t\t\t<style id=\"wpforms-css-vars-root\">\n\t\t\t\t:root {\n\t\t\t\t\t--wpforms-field-border-radius: 3px;\n--wpforms-field-background-color: #ffffff;\n--wpforms-field-border-color: rgba( 0, 0, 0, 0.25 );\n--wpforms-field-text-color: rgba( 0, 0, 0, 0.7 );\n--wpforms-label-color: rgba( 0, 0, 0, 0.85 );\n--wpforms-label-sublabel-color: rgba( 0, 0, 0, 0.55 );\n--wpforms-label-error-color: #d63637;\n--wpforms-button-border-radius: 3px;\n--wpforms-button-background-color: #066aab;\n--wpforms-button-text-color: #ffffff;\n--wpforms-field-size-input-height: 43px;\n--wpforms-field-size-input-spacing: 15px;\n--wpforms-field-size-font-size: 16px;\n--wpforms-field-size-line-height: 19px;\n--wpforms-field-size-padding-h: 14px;\n--wpforms-field-size-checkbox-size: 16px;\n--wpforms-field-size-sublabel-spacing: 5px;\n--wpforms-field-size-icon-size: 1;\n--wpforms-label-size-font-size: 16px;\n--wpforms-label-size-line-height: 19px;\n--wpforms-label-size-sublabel-font-size: 14px;\n--wpforms-label-size-sublabel-line-height: 17px;\n--wpforms-button-size-font-size: 17px;\n--wpforms-button-size-height: 41px;\n--wpforms-button-size-padding-h: 15px;\n--wpforms-button-size-margin-top: 10px;\n\n\t\t\t\t}\n\t\t\t<\/style><style id=\"wpforms-css-vars-elementor-widget-c9e081c\">\n\t\t\t\t.elementor-widget-wpforms.elementor-element-c9e081c {\n\t\t\t\t\t--wpforms-field-size-input-height: 43px;\n--wpforms-field-size-input-spacing: 15px;\n--wpforms-field-size-font-size: 16px;\n--wpforms-field-size-line-height: 19px;\n--wpforms-field-size-padding-h: 14px;\n--wpforms-field-size-checkbox-size: 16px;\n--wpforms-field-size-sublabel-spacing: 5px;\n--wpforms-field-size-icon-size: 1;\n--wpforms-label-size-font-size: 16px;\n--wpforms-label-size-line-height: 19px;\n--wpforms-label-size-sublabel-font-size: 14px;\n--wpforms-label-size-sublabel-line-height: 17px;\n--wpforms-button-size-font-size: 17px;\n--wpforms-button-size-height: 41px;\n--wpforms-button-size-padding-h: 15px;\n--wpforms-button-size-margin-top: 10px;\n\n\t\t\t\t}\n\t\t\t<\/style><div class=\"wpforms-container wpforms-container-full wpforms-render-modern\" id=\"wpforms-7539\"><form id=\"wpforms-form-7539\" class=\"wpforms-validate wpforms-form wpforms-ajax-form\" data-formid=\"7539\" method=\"post\" enctype=\"multipart\/form-data\" action=\"\/index.php?rest_route=%2Fwp%2Fv2%2Fpages%2F7562&#038;wpforms_form_id=7539\" data-token=\"09e3c61ff269b27a1717d2d272377c54\"><noscript class=\"wpforms-error-noscript\">Por favor, activa JavaScript en tu navegador para completar este formulario.<\/noscript><div class=\"wpforms-hidden\" id=\"wpforms-error-noscript\">Por favor, activa JavaScript en tu navegador para completar este formulario.<\/div><div class=\"wpforms-field-container\"><div id=\"wpforms-7539-field_3-container\" class=\"wpforms-field wpforms-field-file-upload\" data-field-id=\"3\"><label class=\"wpforms-field-label\" for=\"wpforms-7539-field_3\">Enviar Imagen de Slip de Dep\u00f3sito o Comprobante de Transacci\u00f3n ACH<\/label><div\n\t\tclass=\"wpforms-uploader\"\n\t\tdata-field-id=\"3\"\n\t\tdata-form-id=\"7539\"\n\t\tdata-input-name=\"wpforms_7539_3\"\n\t\tdata-extensions=\"jpg,jpeg,jpe,gif,png,bmp,tiff,tif,webp,avif,ico,heic,heif,heics,heifs,asf,asx,wmv,wmx,wm,avi,divx,mov,qt,mpeg,mpg,mpe,mp4,m4v,ogv,webm,mkv,3gp,3gpp,3g2,3gp2,txt,asc,c,cc,h,srt,csv,tsv,ics,rtx,css,vtt,mp3,m4a,m4b,aac,ra,ram,wav,x-wav,ogg,oga,flac,mid,midi,wma,wax,mka,rtf,pdf,class,tar,zip,gz,gzip,rar,7z,psd,xcf,doc,pot,pps,ppt,wri,xla,xls,xlt,xlw,mpp,docx,docm,dotx,dotm,xlsx,xlsm,xlsb,xltx,xltm,xlam,pptx,pptm,ppsx,ppsm,potx,potm,ppam,sldx,sldm,onetoc,onetoc2,onepkg,oxps,xps,odt,odp,ods,odg,odc,odb,odf,wp,wpd,key,numbers,pages,redux\"\n\t\tdata-max-size=\"2097152\"\n\t\tdata-max-file-number=\"1\"\n\t\tdata-post-max-size=\"2097152\"\n\t\tdata-max-parallel-uploads=\"4\"\n\t\tdata-parallel-uploads=\"true\"\n\t\tdata-file-chunk-size=\"2097152\">\n\t<div class=\"dz-message\">\n\t\t<svg viewBox=\"0 0 1024 1024\" focusable=\"false\" data-icon=\"inbox\" width=\"50px\" height=\"50px\" fill=\"currentColor\" aria-hidden=\"true\">\n\t\t\t<path d=\"M885.2 446.3l-.2-.8-112.2-285.1c-5-16.1-19.9-27.2-36.8-27.2H281.2c-17 0-32.1 11.3-36.9 27.6L139.4 443l-.3.7-.2.8c-1.3 4.9-1.7 9.9-1 14.8-.1 1.6-.2 3.2-.2 4.8V830a60.9 60.9 0 0 0 60.8 60.8h627.2c33.5 0 60.8-27.3 60.9-60.8V464.1c0-1.3 0-2.6-.1-3.7.4-4.9 0-9.6-1.3-14.1zm-295.8-43l-.3 15.7c-.8 44.9-31.8 75.1-77.1 75.1-22.1 0-41.1-7.1-54.8-20.6S436 441.2 435.6 419l-.3-15.7H229.5L309 210h399.2l81.7 193.3H589.4zm-375 76.8h157.3c24.3 57.1 76 90.8 140.4 90.8 33.7 0 65-9.4 90.3-27.2 22.2-15.6 39.5-37.4 50.7-63.6h156.5V814H214.4V480.1z\"><\/path>\n\t\t<\/svg>\n\t\t<span class=\"modern-title\">Haz clic o arrastra un archivo a esta \u00e1rea para subirlo.<\/span>\n\n\t\t\t<\/div>\n<\/div>\n<input\n\t\ttype=\"text\"\n\t\tautocomplete=\"off\"\n\t\tclass=\"dropzone-input\"\n\t\tstyle=\"position:absolute!important;clip:rect(0,0,0,0)!important;height:1px!important;width:1px!important;border:0!important;overflow:hidden!important;padding:0!important;margin:0!important;\"\n\t\tid=\"wpforms-7539-field_3\"\n\t\tname=\"wpforms_7539_3\" \t\tvalue=\"\">\n<\/div><div id=\"wpforms-7539-field_7-container\" class=\"wpforms-field wpforms-field-layout\" data-field-id=\"7\"><label class=\"wpforms-field-label wpforms-label-hide\" for=\"wpforms-7539-field_7\" aria-hidden=\"false\">Layout<\/label><div class=\"wpforms-field-layout-columns wpforms-field-layout-preset-33-33-33\"><div class=\"wpforms-layout-column wpforms-layout-column-33\"><div id=\"wpforms-7539-field_15-container\" class=\"wpforms-field wpforms-field-content\" data-field-id=\"15\"><div id=\"wpforms-7539-field_15\" class=\"wpforms-field-medium wpforms-field-row\" name=\"wpforms[fields][15]\" aria-errormessage=\"wpforms-7539-field_15-error\"><p><img fetchpriority=\"high\" decoding=\"async\" height=\"177\" width=\"284\" alt=\"\" src=\"https:\/\/fundacioninstitutospanama.com\/wp-content\/uploads\/2023\/09\/images.png\" class=\"alignnone size-medium wp-image-7560\"><\/p>\n<div class=\"wpforms-field-content-display-frontend-clear\"><\/div><\/div><\/div><div id=\"wpforms-7539-field_12-container\" class=\"wpforms-field wpforms-field-html\" data-field-id=\"12\"><div id=\"wpforms-7539-field_12\" aria-errormessage=\"wpforms-7539-field_12-error\"><b>Banco:<\/b> Caja de Ahorros <br>\r\n<b>Tipo:<\/b> Cuenta de Ahorros <br>\r\n<b>A Nombre De: <\/b> Ra\u00fal Ochoa<br>\r\n<b>Numero de Cuenta:<\/b>400101235084<\/div><\/div><\/div><div class=\"wpforms-layout-column wpforms-layout-column-33\"><div id=\"wpforms-7539-field_17-container\" class=\"wpforms-field wpforms-field-content\" data-field-id=\"17\"><div id=\"wpforms-7539-field_17\" class=\"wpforms-field-medium wpforms-field-row\" name=\"wpforms[fields][17]\" aria-errormessage=\"wpforms-7539-field_17-error\"><p><img decoding=\"async\" height=\"101\" width=\"499\" alt=\"\" src=\"https:\/\/fundacioninstitutospanama.com\/wp-content\/uploads\/2023\/09\/LogoBancoGeneral.png\" class=\"alignnone size-full wp-image-8063\"><\/p>\n<div class=\"wpforms-field-content-display-frontend-clear\"><\/div><\/div><\/div><div id=\"wpforms-7539-field_13-container\" class=\"wpforms-field wpforms-field-html\" data-field-id=\"13\"><div id=\"wpforms-7539-field_13\" aria-errormessage=\"wpforms-7539-field_13-error\"><b>Banco:<\/b>Banco General<br>\r\n<b>Tipo:<\/b> Cuenta de Ahorros <br>\r\n<b>A Nombre De: <\/b>Fundaci\u00f3n Institutos Panam\u00e1<br>\r\n<b>Numero de Cuenta:<\/b>04-48-98-416540-8<\/div><\/div><\/div><div class=\"wpforms-layout-column wpforms-layout-column-33\"><div id=\"wpforms-7539-field_16-container\" class=\"wpforms-field wpforms-field-content\" data-field-id=\"16\"><div id=\"wpforms-7539-field_16\" class=\"wpforms-field-medium wpforms-field-row\" name=\"wpforms[fields][16]\" aria-errormessage=\"wpforms-7539-field_16-error\"><h4><img decoding=\"async\" height=\"450\" width=\"450\" alt=\"\" src=\"https:\/\/fundacioninstitutospanama.com\/wp-content\/uploads\/2023\/09\/descarga.png\" class=\"alignnone size-medium wp-image-7556\"><\/h4>\n<div class=\"wpforms-field-content-display-frontend-clear\"><\/div><\/div><\/div><div id=\"wpforms-7539-field_14-container\" class=\"wpforms-field wpforms-field-html\" data-field-id=\"14\"><div id=\"wpforms-7539-field_14\" aria-errormessage=\"wpforms-7539-field_14-error\"><b>Banco:<\/b> BAC <br>\r\n<b>Tipo:<\/b> Cuenta de Ahorros <br>\r\n<b>A Nombre De: <\/b>Centro Superior Cultural<br> y Turismo<br>\r\n<b>Numero de Cuenta:<\/b>104169123<\/div><\/div><\/div><\/div><\/div><\/div><!-- .wpforms-field-container --><div class=\"wpforms-submit-container\" ><input type=\"hidden\" name=\"wpforms[id]\" value=\"7539\"><input type=\"hidden\" name=\"wpforms[author]\" value=\"1\"><button type=\"submit\" name=\"wpforms[submit]\" id=\"wpforms-submit-7539\" class=\"wpforms-submit\" data-alt-text=\"Enviando Pago...\" data-submit-text=\"Enviar Pago\" aria-live=\"assertive\" value=\"wpforms-submit\">Enviar Pago<\/button><img loading=\"lazy\" decoding=\"async\" src=\"https:\/\/fundacioninstitutospanama.com\/wp-content\/plugins\/wpforms\/assets\/images\/submit-spin.svg\" class=\"wpforms-submit-spinner\" style=\"display: none;\" width=\"26\" height=\"26\" alt=\"Cargando\"><\/div><\/form><\/div>  <!-- .wpforms-container -->\t\t\t\t<\/div>\n\t\t\t\t<\/div>\n\t\t\t\t\t<\/div>\n\t\t<\/div>\n\t\t\t\t\t<\/div>\n\t\t<\/section>\n\t\t\t\t<\/div>\n\t\t","protected":false},"excerpt":{"rendered":"<p>Please enable JavaScript in your browser to complete this form.Please enable JavaScript in your browser to complete this form.Enviar Imagen de Slip de Dep\u00f3sito o Comprobante de Transacci\u00f3n ACH Click or drag a file to this area to upload. Layout Banco: Caja de Ahorros Tipo: Cuenta de Ahorros A Nombre De: Ra\u00fal Ochoa Numero de [&hellip;]<\/p>\n","protected":false},"author":1,"featured_media":0,"parent":0,"menu_order":0,"comment_status":"closed","ping_status":"closed","template":"","meta":{"_joinchat":[],"footnotes":""},"class_list":["post-7562","page","type-page","status-publish","hentry"],"aioseo_notices":[],"_links":{"self":[{"href":"https:\/\/fundacioninstitutospanama.com\/index.php?rest_route=\/wp\/v2\/pages\/7562","targetHints":{"allow":["GET"]}}],"collection":[{"href":"https:\/\/fundacioninstitutospanama.com\/index.php?rest_route=\/wp\/v2\/pages"}],"about":[{"href":"https:\/\/fundacioninstitutospanama.com\/index.php?rest_route=\/wp\/v2\/types\/page"}],"author":[{"embeddable":true,"href":"https:\/\/fundacioninstitutospanama.com\/index.php?rest_route=\/wp\/v2\/users\/1"}],"replies":[{"embeddable":true,"href":"https:\/\/fundacioninstitutospanama.com\/index.php?rest_route=%2Fwp%2Fv2%2Fcomments&post=7562"}],"version-history":[{"count":6,"href":"https:\/\/fundacioninstitutospanama.com\/index.php?rest_route=\/wp\/v2\/pages\/7562\/revisions"}],"predecessor-version":[{"id":7834,"href":"https:\/\/fundacioninstitutospanama.com\/index.php?rest_route=\/wp\/v2\/pages\/7562\/revisions\/7834"}],"wp:attachment":[{"href":"https:\/\/fundacioninstitutospanama.com\/index.php?rest_route=%2Fwp%2Fv2%2Fmedia&parent=7562"}],"curies":[{"name":"wp","href":"https:\/\/api.w.org\/{rel}","templated":true}]}}