{"id":7403,"date":"2023-09-09T11:07:33","date_gmt":"2023-09-09T11:07:33","guid":{"rendered":"https:\/\/fundacioninstitutospanama.com\/?page_id=7403"},"modified":"2023-09-14T09:03:33","modified_gmt":"2023-09-14T09:03:33","slug":"rectoria","status":"publish","type":"page","link":"https:\/\/fundacioninstitutospanama.com\/?page_id=7403","title":{"rendered":"Rector\u00eda"},"content":{"rendered":"<div class=\"wp-block-image\">\n<figure class=\"aligncenter size-large is-resized\"><img fetchpriority=\"high\" decoding=\"async\" src=\"https:\/\/fundacioninstitutospanama.com\/wp-content\/uploads\/2023\/07\/Rector-1024x682.jpg\" alt=\"\" class=\"wp-image-7317\" style=\"width:632px;height:421px\" width=\"632\" height=\"421\"\/><\/figure>\n<\/div>\n\n\n<blockquote class=\"wp-block-quote has-text-align-center is-layout-flow wp-block-quote-is-layout-flow\">\n<p><strong>Mensaje del Rector<\/strong><\/p>\n<cite><strong>El Centro Superior Cultural y Turismo y el Institute College Panam\u00e1 son 2 instituciones educativas que buscan en sus estudiantes una formaci\u00f3n Pr\u00e1ctico &#8211; Te\u00f3rica, por ello contamos con las mejores Carreras T\u00e9cnicas Superiores y los Bachilleres en corto plazo en el mercadeo educativo. Te brindamos las Herramientas para ser un profesional exitos. <br><br>Bienvenidos.<\/strong><\/cite><\/blockquote>\n","protected":false},"excerpt":{"rendered":"<p>Mensaje del Rector El Centro Superior Cultural y Turismo y el Institute College Panam\u00e1 son 2 instituciones educativas que buscan en sus estudiantes una formaci\u00f3n Pr\u00e1ctico &#8211; Te\u00f3rica, por ello contamos con las mejores Carreras T\u00e9cnicas Superiores y los Bachilleres en corto plazo en el mercadeo educativo. Te brindamos las Herramientas para ser un profesional [&hellip;]<\/p>\n","protected":false},"author":1,"featured_media":0,"parent":0,"menu_order":0,"comment_status":"closed","ping_status":"closed","template":"","meta":{"_joinchat":[],"footnotes":""},"class_list":["post-7403","page","type-page","status-publish","hentry"],"aioseo_notices":[],"_links":{"self":[{"href":"https:\/\/fundacioninstitutospanama.com\/index.php?rest_route=\/wp\/v2\/pages\/7403","targetHints":{"allow":["GET"]}}],"collection":[{"href":"https:\/\/fundacioninstitutospanama.com\/index.php?rest_route=\/wp\/v2\/pages"}],"about":[{"href":"https:\/\/fundacioninstitutospanama.com\/index.php?rest_route=\/wp\/v2\/types\/page"}],"author":[{"embeddable":true,"href":"https:\/\/fundacioninstitutospanama.com\/index.php?rest_route=\/wp\/v2\/users\/1"}],"replies":[{"embeddable":true,"href":"https:\/\/fundacioninstitutospanama.com\/index.php?rest_route=%2Fwp%2Fv2%2Fcomments&post=7403"}],"version-history":[{"count":5,"href":"https:\/\/fundacioninstitutospanama.com\/index.php?rest_route=\/wp\/v2\/pages\/7403\/revisions"}],"predecessor-version":[{"id":7409,"href":"https:\/\/fundacioninstitutospanama.com\/index.php?rest_route=\/wp\/v2\/pages\/7403\/revisions\/7409"}],"wp:attachment":[{"href":"https:\/\/fundacioninstitutospanama.com\/index.php?rest_route=%2Fwp%2Fv2%2Fmedia&parent=7403"}],"curies":[{"name":"wp","href":"https:\/\/api.w.org\/{rel}","templated":true}]}}